{"id":2,"date":"2016-12-01T12:08:33","date_gmt":"2016-12-01T12:08:33","guid":{"rendered":"http:\/\/pouvoirs-psi.com\/blog\/?page_id=2"},"modified":"2023-08-31T13:31:23","modified_gmt":"2023-08-31T13:31:23","slug":"about","status":"publish","type":"page","link":"http:\/\/pouvoirs-psi.com\/blog\/about\/","title":{"rendered":"A Propos"},"content":{"rendered":"<h2><span class=\"titulnaya-stranitsa\">Bienvenu chez Pouvoirs Psi<\/span><\/h2>\n<p style=\"text-align: justify;\">Le site pouvoirs-psi est un blog shandarien traitant des pouvoirs de la pens\u00e9e tels que la t\u00e9l\u00e9pathie, la clairvoyance, les r\u00eaves lucides, la psychokin\u00e9sie, ou encore le voyage astral.<\/p>\n<p style=\"text-align: justify;\">Bas\u00e9 sur les travaux de James Shandar, le site Pouvoirs-psi ne s\u2019adresse pas aux amateurs n\u2019ayant aucune connaissances ni exp\u00e9riences r\u00e9elles du ph\u00e9nom\u00e8ne psi. Mais \u00e0 un public averti, \u00e9tant conscient de la r\u00e9alit\u00e9 de ces ph\u00e9nom\u00e8nes et de leurs risques. Des hommes et des femmes \u00e0 l&rsquo;esprit ouvert qui malgr\u00e9 tout d\u00e9sirent d\u00e9velopper et maitriser leurs pouvoirs psi pour atteindre un autre niveau de conscience de mani\u00e8re sure et efficace.<\/p>\n<p style=\"text-align: justify;\"><strong>Rappelant ainsi que l\u2019utilisation r\u00e9elle des pouvoirs de la pens\u00e9e ne sont pas un divertissement et sont loin d\u2019\u00eatre inoffensif. Ils requi\u00e8rent une v\u00e9ritable stabilit\u00e9 psychologique et une maitrise de soi.<\/strong><\/p>\n<p style=\"text-align: justify;\">Nous ne sommes plus dans la th\u00e9orie, le r\u00eave ou le fantasme, mais dans la r\u00e9alit\u00e9 avec sa duret\u00e9, ses contraintes et obstacles avec lesquels nous devons compos\u00e9s et d\u00e9passer si nous voulons v\u00e9ritablement d\u00e9velopper nos pouvoirs mentaux. Dans ce sens, seule une approche logique rationnelle (et non rationaliste et sceptique) bas\u00e9e sur l\u2019exp\u00e9rimentation et l\u2019observation devient n\u00e9cessaire. Mais aussi d\u2019avoir le courage d\u2019aller au-del\u00e0 de nos peurs, de nos fausses croyances, superstitions et traditions, du politiquement correct, de la bien-pensance pour peu que cela nous rassure. Autrement nous nous enfermons dans des histoires nous \u00f4tant toute possibilit\u00e9 d\u2019atteindre le plein \u00e9veil de nos pouvoirs psi.<\/p>\n<h2><strong>Note \u00e0 propos des Shandariens<\/strong><\/h2>\n<p style=\"text-align: justify;\">On observe que dans le domaine des sciences anciennes et non-conventionnelles chaque groupe est sp\u00e9cialis\u00e9 dans 1 domaine qui lui est propre. Par exemple, chez les Rosicruciens, ce sont la philosophie et l&rsquo;\u00e9sot\u00e9risme. Chez les Ess\u00e9niens, ce sont les soins \u00e9nerg\u00e9tiques et la gu\u00e9rison. Alors que chez nous Shandariens, nous sommes sp\u00e9cialis\u00e9s dans les pouvoirs de l&rsquo;esprit. Accessoirement, nous avons aussi un savoir en anatomie et physiologie humaine\u00a0 ainsi qu&rsquo;en psychologie, en biologie cellulaire et g\u00e9n\u00e9tique. Lesquels sont des domaines compl\u00e9mentaires \u00e0 notre domaine principal. Ce qui nous permet d&rsquo;avoir un degr\u00e9 de compr\u00e9hension et d&rsquo;expertise plus pr\u00e9cis et plus complet dans les pouvoirs de l&rsquo;esprit que ceux des autres experts.<\/p>\n<p style=\"text-align: justify;\">Quand une personne nous demande comment sait-on tous cela, on lui r\u00e9pond : <strong>Nous sommes Shandarien<\/strong>. Car tous les Shandariens le savent et doivent le savoir. Ces connaissances sur les pouvoirs de l&rsquo;esprit, mais aussi sur le corps humain, la biologie reproductive et la g\u00e9n\u00e9tique humaine font partie int\u00e9grante de notre culture, notre \u00e9ducation et notre identit\u00e9.<\/p>\n<p style=\"text-align: justify;\">En tant que Shandarien,\u00a0 nous avons le savoir, l&rsquo;\u00e9rudition et l&rsquo;exp\u00e9rience du psychisme humain et de ses capacit\u00e9s psi. L\u00e0 est notre v\u00e9ritable valeur et int\u00e9r\u00eat. Pour ce faire, on va sur le terrain et on exp\u00e9rimente en situation r\u00e9elle. On a des succ\u00e8s, mais on a aussi des \u00e9checs. L&rsquo;\u00e9chec n&rsquo;est pas l&rsquo;oppos\u00e9 de la r\u00e9ussite, mais fait partie de son processus. Car de cette mani\u00e8re, on sait ce qui fonctionne et ce qui ne fonctionne pas et donc, on sait ce qu&rsquo;il faut faire et ne pas faire pour manifester et maitriser nos pouvoirs en situation r\u00e9elle. C&rsquo;est ainsi qu&rsquo;on apprend et qu&rsquo;on avance dans la connaissance et la maitrise des pouvoirs de l&rsquo;esprit.<\/p>\n<p style=\"text-align: justify;\">Souvenez-vous que les pouvoirs de l&rsquo;esprit, c&rsquo;est 80% de psychologie (savoir-\u00eatre) et 20% de techniques mentales (savoir-faire). Et oui, <em>la loi de Pareto<\/em> s&rsquo;applique aussi aux pouvoirs psi! Si vous n&rsquo;avez pas la bonne psychologie, (le bon \u00ab\u00a0Minset\u00a0\u00bb comme disent les anglo-saxons), vous pouvez beau utilisez toutes les techniques mentales que vous voulez , vous n&rsquo;y arriverez pas. La psychologie, l&rsquo;\u00e9tat d&rsquo;esprit sont vraiment essentiels ici.<\/p>\n<h2>Commentaires<\/h2>\n<p style=\"text-align: justify;\">Tous les commentaires post\u00e9s sous les articles de ce blog sont soumis \u00e0 lecture avant validation. Tout commentaire haineux, diffamatoire, injure, commentaires p\u00e9tri d&rsquo;imb\u00e9cilit\u00e9, d&rsquo;ignorance et de m\u00e9diocrit\u00e9 \u00e0 propos des domaines psi, ainsi que les commentaires non-constructifs, attaquant ou tournant en d\u00e9rision les pouvoirs psi seront d\u00e9finitivement effac\u00e9s. Toutes les commentaires publicitaires, spam seront d\u00e9finitivement effac\u00e9s.<\/p>\n<h2 style=\"text-align: justify;\">Contactez-nous<\/h2>\n<p><span style=\"text-decoration: underline;\">A lire attentivement avant de nous contacter<\/span><\/p>\n<p style=\"text-align: justify;\"><strong>SANT\u00c9: <\/strong>Il est inutile de nous contacter pour\u00a0 un probl\u00e8me de sant\u00e9. M\u00eame si nous avons de solides connaissances en anat et physio humaine, nous sommes des chercheurs et des exp\u00e9rienceurs dans le domaine psi, <span style=\"text-decoration: underline;\">nous ne faisons pas d\u2019exercice de la m\u00e9decine<\/span>. Par cons\u00e9quent, veuillez consulter un professionnel agr\u00e9e de votre r\u00e9gion en cas de probl\u00e8me de sant\u00e9. La v\u00e9rit\u00e9 est que nos connaissances nous servent \u00e0 comprendre notre corps et notre esprit pour ensuite mieux les maitriser dans la pratique des pouvoirs psi.<\/p>\n<p style=\"text-align: justify;\"><strong>CROYANTS &amp; DONNEURS DE LE\u00c7ONS: <\/strong>Il est inutile de nous contacter pour\u00a0nous parler d\u2019\u00e9thique, de moral, de Dieu, d\u2019Ange &amp; cie. Nous sommes Shandarien, donc ath\u00e9e et amoral. Venir nous parler de ce genre d\u2019histoire sous pr\u00e9texte que notre vision des choses, pratiques et activit\u00e9s ne correspondent pas \u00e0 vos propres valeurs, principes et croyances n\u2019a aucun int\u00e9r\u00eat pour les n\u00f4tres. Nous en avons strictement rien \u00e0 battre de vos critiques et le\u00e7ons moralisatrices.<\/p>\n<p style=\"text-align: justify;\"><strong>M\u00c9DIAS &amp; JOURNALISTES: <\/strong>Il est inutile de nous contacter pour une interview ou un documentaire. Les journalistes et m\u00e9dias ne savent faire qu&rsquo;une chose: d\u00e9former les faits ou inventer des histoires (bidonnages journalistiques) soit pour tourner en d\u00e9rision, soit pour diaboliser, soit pour cr\u00e9er des scandales et des pol\u00e9miques pour seulement faire grimper l\u2019audimat et gagner des parts de march\u00e9. On sait comment \u00e7a marche, les journaleux font \u00ab\u00a0amicalement &amp; respectueusement\u00a0\u00bb un reportage pendant 40 minutes ou encore la cam\u00e9ra cach\u00e9e et apr\u00e8s ils d\u00e9forment la r\u00e9alit\u00e9 pour ensuite diaboliser au montage et \u00e0 la diffusion afin de faire le buzz.<\/p>\n<p style=\"text-align: justify;\"><strong>OFFRES COMMERCIALES: <\/strong>Il est inutile de nous contacter pour essayer de nous fourguer votre dernier produit et service ou encore pour toucher votre commission d&rsquo;affili\u00e9 .Nous avons nos propres fournisseurs de produit et services r\u00e9pondant \u00e0 nos besoins sp\u00e9cifiques. Nullement besoin de d\u00e9penser notre argent dans des choses qui nous servent strictement \u00e0 rien. Le consum\u00e9risme ne fait pas partie de notre culture.<\/p>\n<p style=\"text-align: justify;\"><strong>SCEPTIQUES, RATIONALISTES &amp; ZETETIQUES: <\/strong>Il est inutile de nous contacter pour nous demander toujours et encore des preuves ou des d\u00e9bats st\u00e9riles et sans int\u00e9r\u00eats. Nous n\u2019avons pas de temps \u00e0 perdre avec des sceptiques, rationalistes et z\u00e9t\u00e9tiques dont le seul but est de prouver que les pouvoirs de l\u2019esprit sont impossibles afin de se rassurer eux-m\u00eames face \u00e0 une r\u00e9alit\u00e9 qui remet en question leurs croyances et illusions sur comment devrait \u00a0obligatoirement fonctionner le monde. Vouloir convaincre un sceptique que les pouvoirs de l\u2019esprit existent est comme vouloir convaincre un croyant que dieu n\u2019existe pas. C\u2019est une perte de temps et d\u2019\u00e9nergie.<\/p>\n<p style=\"text-align: justify;\"><strong>SHANDARISME: <\/strong>Il est inutile de nous contacter pour nous demander d&rsquo;entrer en contact avec le Shandarisme. Le Shandarisme reste un cercle occulte, priv\u00e9 et ferm\u00e9 qui ne divulgue jamais l&rsquo;identit\u00e9 de ses membres ni ses lieux et places de r\u00e9union. Les admissions se font\u00a0 seulement par invitation et cooptation. Quoi que vous pouvez toujours essayer de contacter le cercle sur le site <a href=\"https:\/\/www.shandarism.com\/Fr\/index.php\"><strong>Shandarism.com<\/strong><\/a>. Mais, on vous pr\u00e9vient, ils vont vous envoyez paitre poliment. Il faut montrer patte blanche et avoir une valeur \u00e0 proposer pour \u00eatre admit. Si vous n&rsquo;avez pas re\u00e7u cette invitation, impossible de rencontrer face \u00e0 face le cercle et ses membres. Enfin pour tous les anti-shandariens, plus vous allez nous attaquer pour essayer de nous d\u00e9truire, nous discr\u00e9ditez, nous enfoncer, plus vous allez nous apporter de l&rsquo;\u00e9nergie et nous renforcer jusqu\u2019\u00e0 totalement \u00eatre immunis\u00e9 contre vos path\u00e9tiques petites attaques.<\/p>\n<p style=\"text-align: justify;\"><strong>ESPIONNAGE PSI &amp; BLACK OP:<\/strong> Il est inutile de nous contacter pour demander une collecte d\u2019information, nuire ou tuer par la pens\u00e9e X ou Y. Nous avons d\u00e9j\u00e0 re\u00e7us des demandes allant dans ce sens. Nous n\u2019avons pas pour vocation de faire de l\u2019espionnage psi ni de d\u00e9truire les personnes par voie extrasensorielle. M\u00eame si nous connaissons parfaitement les processus et techniques mentales pour y parvenir, on ne vous indiquera pas comment il faut faire. Nous ne tenons pas \u00e0 ce que tous cela se retourne contre les n\u00f4tres apr\u00e8s.<\/p>\n<h2 style=\"text-align: justify;\"><strong>MAINTENANT SI VOUS NE FAITES PAS PARTIE DE CES CATEGORIES, VOUS POUVEZ UTILISER CE FORMULAIRE DE CONTACT. <span style=\"color: #ff0000;\">IMPORTANT: VEUILLEZ ENTRER UNE ADRESSE MAIL VALIDE, AUTREMENT ON NE POURRA PAS VOUS R2PONDRE<\/span><br \/>\n<\/strong><\/h2>\n<hr \/>\n\n<div class=\"wpcf7 no-js\" id=\"wpcf7-f4202-o1\" lang=\"fr-FR\" dir=\"ltr\">\n<div class=\"screen-reader-response\"><p role=\"status\" aria-live=\"polite\" aria-atomic=\"true\"><\/p> <ul><\/ul><\/div>\n<form action=\"\/blog\/wp-json\/wp\/v2\/pages\/2#wpcf7-f4202-o1\" method=\"post\" class=\"wpcf7-form init\" aria-label=\"Formulaire de contact\" novalidate=\"novalidate\" data-status=\"init\">\n<div style=\"display: none;\">\n<input type=\"hidden\" name=\"_wpcf7\" value=\"4202\" \/>\n<input type=\"hidden\" name=\"_wpcf7_version\" value=\"5.7.7\" \/>\n<input type=\"hidden\" name=\"_wpcf7_locale\" value=\"fr_FR\" \/>\n<input type=\"hidden\" name=\"_wpcf7_unit_tag\" value=\"wpcf7-f4202-o1\" \/>\n<input type=\"hidden\" name=\"_wpcf7_container_post\" value=\"0\" \/>\n<input type=\"hidden\" name=\"_wpcf7_posted_data_hash\" value=\"\" \/>\n<\/div>\n<p><label> Votre nom (obligatoire)<br \/>\n<span class=\"wpcf7-form-control-wrap\" data-name=\"your-name\"><input size=\"40\" class=\"wpcf7-form-control wpcf7-text wpcf7-validates-as-required\" aria-required=\"true\" aria-invalid=\"false\" value=\"\" type=\"text\" name=\"your-name\" \/><\/span> <\/label>\n<\/p>\n<p><label> Votre adresse de messagerie (obligatoire)<br \/>\n<span class=\"wpcf7-form-control-wrap\" data-name=\"your-email\"><input size=\"40\" class=\"wpcf7-form-control wpcf7-text wpcf7-email wpcf7-validates-as-required wpcf7-validates-as-email\" aria-required=\"true\" aria-invalid=\"false\" value=\"\" type=\"email\" name=\"your-email\" \/><\/span> <\/label>\n<\/p>\n<p><label> Objet<br \/>\n<span class=\"wpcf7-form-control-wrap\" data-name=\"your-subject\"><input size=\"40\" class=\"wpcf7-form-control wpcf7-text\" aria-invalid=\"false\" value=\"\" type=\"text\" name=\"your-subject\" \/><\/span> <\/label>\n<\/p>\n<p><label> Votre message<br \/>\n<span class=\"wpcf7-form-control-wrap\" data-name=\"your-message\"><textarea cols=\"40\" rows=\"10\" class=\"wpcf7-form-control wpcf7-textarea\" aria-invalid=\"false\" name=\"your-message\"><\/textarea><\/span> <\/label>\n<\/p>\n<p><input class=\"wpcf7-form-control has-spinner wpcf7-submit\" type=\"submit\" value=\"Envoyer\" \/>\n<\/p><div class=\"wpcf7-response-output\" aria-hidden=\"true\"><\/div>\n<\/form>\n<\/div>\n\n","protected":false},"excerpt":{"rendered":"<p>Bienvenu chez Pouvoirs Psi Le site pouvoirs-psi est un blog shandarien traitant des pouvoirs de la pens\u00e9e tels que la<\/p>\n","protected":false},"author":2,"featured_media":357,"parent":0,"menu_order":0,"comment_status":"closed","ping_status":"closed","template":"","meta":[],"yoast_head":"<!-- This site is optimized with the Yoast SEO plugin v21.1 - https:\/\/yoast.com\/wordpress\/plugins\/seo\/ -->\n<title>A Propos - Pouvoirs Psi<\/title>\n<meta name=\"description\" content=\"Pouvoirs Psi, un site traitant des pouvoirs de la pens\u00e9e et de leurs manifestations dans la vie r\u00e9elle loin des croyances et superstitions.\" \/>\n<meta name=\"robots\" content=\"index, follow, max-snippet:-1, max-image-preview:large, max-video-preview:-1\" \/>\n<link rel=\"canonical\" href=\"http:\/\/pouvoirs-psi.com\/blog\/about\/\" \/>\n<meta property=\"og:locale\" content=\"fr_FR\" \/>\n<meta property=\"og:type\" content=\"article\" \/>\n<meta property=\"og:title\" content=\"A Propos - Pouvoirs Psi\" \/>\n<meta property=\"og:description\" content=\"Pouvoirs Psi, un site traitant des pouvoirs de la pens\u00e9e et de leurs manifestations dans la vie r\u00e9elle loin des croyances et superstitions.\" \/>\n<meta property=\"og:url\" content=\"http:\/\/pouvoirs-psi.com\/blog\/about\/\" \/>\n<meta property=\"og:site_name\" content=\"Pouvoirs Psi\" \/>\n<meta property=\"article:modified_time\" content=\"2023-08-31T13:31:23+00:00\" \/>\n<meta property=\"og:image\" content=\"http:\/\/pouvoirs-psi.com\/blog\/wp-content\/uploads\/2016\/12\/girl-telepathy-1.jpg\" \/>\n\t<meta property=\"og:image:width\" content=\"960\" \/>\n\t<meta property=\"og:image:height\" content=\"719\" \/>\n\t<meta property=\"og:image:type\" content=\"image\/jpeg\" \/>\n<meta name=\"twitter:card\" content=\"summary_large_image\" \/>\n<meta name=\"twitter:label1\" content=\"Dur\u00e9e de lecture estim\u00e9e\" \/>\n\t<meta name=\"twitter:data1\" content=\"7 minutes\" \/>\n<script type=\"application\/ld+json\" class=\"yoast-schema-graph\">{\"@context\":\"https:\/\/schema.org\",\"@graph\":[{\"@type\":\"WebPage\",\"@id\":\"http:\/\/pouvoirs-psi.com\/blog\/about\/\",\"url\":\"http:\/\/pouvoirs-psi.com\/blog\/about\/\",\"name\":\"A Propos - Pouvoirs Psi\",\"isPartOf\":{\"@id\":\"http:\/\/pouvoirs-psi.com\/blog\/#website\"},\"datePublished\":\"2016-12-01T12:08:33+00:00\",\"dateModified\":\"2023-08-31T13:31:23+00:00\",\"description\":\"Pouvoirs Psi, un site traitant des pouvoirs de la pens\u00e9e et de leurs manifestations dans la vie r\u00e9elle loin des croyances et superstitions.\",\"breadcrumb\":{\"@id\":\"http:\/\/pouvoirs-psi.com\/blog\/about\/#breadcrumb\"},\"inLanguage\":\"fr-FR\",\"potentialAction\":[{\"@type\":\"ReadAction\",\"target\":[\"http:\/\/pouvoirs-psi.com\/blog\/about\/\"]}]},{\"@type\":\"BreadcrumbList\",\"@id\":\"http:\/\/pouvoirs-psi.com\/blog\/about\/#breadcrumb\",\"itemListElement\":[{\"@type\":\"ListItem\",\"position\":1,\"name\":\"Accueil\",\"item\":\"http:\/\/pouvoirs-psi.com\/blog\/\"},{\"@type\":\"ListItem\",\"position\":2,\"name\":\"A Propos\"}]},{\"@type\":\"WebSite\",\"@id\":\"http:\/\/pouvoirs-psi.com\/blog\/#website\",\"url\":\"http:\/\/pouvoirs-psi.com\/blog\/\",\"name\":\"Pouvoirs Psi\",\"description\":\"Montez votre esprit en puissance\",\"publisher\":{\"@id\":\"http:\/\/pouvoirs-psi.com\/blog\/#organization\"},\"potentialAction\":[{\"@type\":\"SearchAction\",\"target\":{\"@type\":\"EntryPoint\",\"urlTemplate\":\"http:\/\/pouvoirs-psi.com\/blog\/?s={search_term_string}\"},\"query-input\":\"required name=search_term_string\"}],\"inLanguage\":\"fr-FR\"},{\"@type\":\"Organization\",\"@id\":\"http:\/\/pouvoirs-psi.com\/blog\/#organization\",\"name\":\"Pouvoirs Psi\",\"url\":\"http:\/\/pouvoirs-psi.com\/blog\/\",\"logo\":{\"@type\":\"ImageObject\",\"inLanguage\":\"fr-FR\",\"@id\":\"http:\/\/pouvoirs-psi.com\/blog\/#\/schema\/logo\/image\/\",\"url\":\"http:\/\/pouvoirs-psi.com\/blog\/wp-content\/uploads\/2016\/12\/cropped-logo.png\",\"contentUrl\":\"http:\/\/pouvoirs-psi.com\/blog\/wp-content\/uploads\/2016\/12\/cropped-logo.png\",\"width\":530,\"height\":106,\"caption\":\"Pouvoirs Psi\"},\"image\":{\"@id\":\"http:\/\/pouvoirs-psi.com\/blog\/#\/schema\/logo\/image\/\"}}]}<\/script>\n<!-- \/ Yoast SEO plugin. -->","yoast_head_json":{"title":"A Propos - Pouvoirs Psi","description":"Pouvoirs Psi, un site traitant des pouvoirs de la pens\u00e9e et de leurs manifestations dans la vie r\u00e9elle loin des croyances et superstitions.","robots":{"index":"index","follow":"follow","max-snippet":"max-snippet:-1","max-image-preview":"max-image-preview:large","max-video-preview":"max-video-preview:-1"},"canonical":"http:\/\/pouvoirs-psi.com\/blog\/about\/","og_locale":"fr_FR","og_type":"article","og_title":"A Propos - Pouvoirs Psi","og_description":"Pouvoirs Psi, un site traitant des pouvoirs de la pens\u00e9e et de leurs manifestations dans la vie r\u00e9elle loin des croyances et superstitions.","og_url":"http:\/\/pouvoirs-psi.com\/blog\/about\/","og_site_name":"Pouvoirs Psi","article_modified_time":"2023-08-31T13:31:23+00:00","og_image":[{"width":960,"height":719,"url":"http:\/\/pouvoirs-psi.com\/blog\/wp-content\/uploads\/2016\/12\/girl-telepathy-1.jpg","type":"image\/jpeg"}],"twitter_card":"summary_large_image","twitter_misc":{"Dur\u00e9e de lecture estim\u00e9e":"7 minutes"},"schema":{"@context":"https:\/\/schema.org","@graph":[{"@type":"WebPage","@id":"http:\/\/pouvoirs-psi.com\/blog\/about\/","url":"http:\/\/pouvoirs-psi.com\/blog\/about\/","name":"A Propos - Pouvoirs Psi","isPartOf":{"@id":"http:\/\/pouvoirs-psi.com\/blog\/#website"},"datePublished":"2016-12-01T12:08:33+00:00","dateModified":"2023-08-31T13:31:23+00:00","description":"Pouvoirs Psi, un site traitant des pouvoirs de la pens\u00e9e et de leurs manifestations dans la vie r\u00e9elle loin des croyances et superstitions.","breadcrumb":{"@id":"http:\/\/pouvoirs-psi.com\/blog\/about\/#breadcrumb"},"inLanguage":"fr-FR","potentialAction":[{"@type":"ReadAction","target":["http:\/\/pouvoirs-psi.com\/blog\/about\/"]}]},{"@type":"BreadcrumbList","@id":"http:\/\/pouvoirs-psi.com\/blog\/about\/#breadcrumb","itemListElement":[{"@type":"ListItem","position":1,"name":"Accueil","item":"http:\/\/pouvoirs-psi.com\/blog\/"},{"@type":"ListItem","position":2,"name":"A Propos"}]},{"@type":"WebSite","@id":"http:\/\/pouvoirs-psi.com\/blog\/#website","url":"http:\/\/pouvoirs-psi.com\/blog\/","name":"Pouvoirs Psi","description":"Montez votre esprit en puissance","publisher":{"@id":"http:\/\/pouvoirs-psi.com\/blog\/#organization"},"potentialAction":[{"@type":"SearchAction","target":{"@type":"EntryPoint","urlTemplate":"http:\/\/pouvoirs-psi.com\/blog\/?s={search_term_string}"},"query-input":"required name=search_term_string"}],"inLanguage":"fr-FR"},{"@type":"Organization","@id":"http:\/\/pouvoirs-psi.com\/blog\/#organization","name":"Pouvoirs Psi","url":"http:\/\/pouvoirs-psi.com\/blog\/","logo":{"@type":"ImageObject","inLanguage":"fr-FR","@id":"http:\/\/pouvoirs-psi.com\/blog\/#\/schema\/logo\/image\/","url":"http:\/\/pouvoirs-psi.com\/blog\/wp-content\/uploads\/2016\/12\/cropped-logo.png","contentUrl":"http:\/\/pouvoirs-psi.com\/blog\/wp-content\/uploads\/2016\/12\/cropped-logo.png","width":530,"height":106,"caption":"Pouvoirs Psi"},"image":{"@id":"http:\/\/pouvoirs-psi.com\/blog\/#\/schema\/logo\/image\/"}}]}},"_links":{"self":[{"href":"http:\/\/pouvoirs-psi.com\/blog\/wp-json\/wp\/v2\/pages\/2"}],"collection":[{"href":"http:\/\/pouvoirs-psi.com\/blog\/wp-json\/wp\/v2\/pages"}],"about":[{"href":"http:\/\/pouvoirs-psi.com\/blog\/wp-json\/wp\/v2\/types\/page"}],"author":[{"embeddable":true,"href":"http:\/\/pouvoirs-psi.com\/blog\/wp-json\/wp\/v2\/users\/2"}],"replies":[{"embeddable":true,"href":"http:\/\/pouvoirs-psi.com\/blog\/wp-json\/wp\/v2\/comments?post=2"}],"version-history":[{"count":52,"href":"http:\/\/pouvoirs-psi.com\/blog\/wp-json\/wp\/v2\/pages\/2\/revisions"}],"predecessor-version":[{"id":5346,"href":"http:\/\/pouvoirs-psi.com\/blog\/wp-json\/wp\/v2\/pages\/2\/revisions\/5346"}],"wp:featuredmedia":[{"embeddable":true,"href":"http:\/\/pouvoirs-psi.com\/blog\/wp-json\/wp\/v2\/media\/357"}],"wp:attachment":[{"href":"http:\/\/pouvoirs-psi.com\/blog\/wp-json\/wp\/v2\/media?parent=2"}],"curies":[{"name":"wp","href":"https:\/\/api.w.org\/{rel}","templated":true}]}}